{"id":19,"date":"2026-03-25T14:14:05","date_gmt":"2026-03-25T13:14:05","guid":{"rendered":"https:\/\/blog4.csmac-ngo.org\/?page_id=19"},"modified":"2026-03-25T15:00:06","modified_gmt":"2026-03-25T14:00:06","slug":"accueil","status":"publish","type":"page","link":"https:\/\/blog4.csmac-ngo.org\/?page_id=19","title":{"rendered":"Accueil"},"content":{"rendered":"\n<figure class=\"wp-block-gallery has-nested-images columns-default is-cropped wp-block-gallery-1 is-layout-flex wp-block-gallery-is-layout-flex\">\n<figure class=\"wp-block-image size-large\"><img loading=\"lazy\" decoding=\"async\" width=\"1024\" height=\"683\" data-id=\"36\" src=\"https:\/\/blog4.csmac-ngo.org\/wp-content\/uploads\/2026\/03\/Exo1-galerie-accueil-photo-4-1024x683.jpg\" alt=\"\" class=\"wp-image-36\" srcset=\"https:\/\/blog4.csmac-ngo.org\/wp-content\/uploads\/2026\/03\/Exo1-galerie-accueil-photo-4-1024x683.jpg 1024w, https:\/\/blog4.csmac-ngo.org\/wp-content\/uploads\/2026\/03\/Exo1-galerie-accueil-photo-4-300x200.jpg 300w, https:\/\/blog4.csmac-ngo.org\/wp-content\/uploads\/2026\/03\/Exo1-galerie-accueil-photo-4-768x512.jpg 768w, https:\/\/blog4.csmac-ngo.org\/wp-content\/uploads\/2026\/03\/Exo1-galerie-accueil-photo-4-1536x1024.jpg 1536w, https:\/\/blog4.csmac-ngo.org\/wp-content\/uploads\/2026\/03\/Exo1-galerie-accueil-photo-4-2048x1365.jpg 2048w\" sizes=\"auto, (max-width: 1024px) 100vw, 1024px\" \/><\/figure>\n\n\n\n<figure class=\"wp-block-image size-large\"><img loading=\"lazy\" decoding=\"async\" width=\"1024\" height=\"683\" data-id=\"38\" src=\"https:\/\/blog4.csmac-ngo.org\/wp-content\/uploads\/2026\/03\/Exo1-galerie-photo-2-1024x683.jpg\" alt=\"\" class=\"wp-image-38\" srcset=\"https:\/\/blog4.csmac-ngo.org\/wp-content\/uploads\/2026\/03\/Exo1-galerie-photo-2-1024x683.jpg 1024w, https:\/\/blog4.csmac-ngo.org\/wp-content\/uploads\/2026\/03\/Exo1-galerie-photo-2-300x200.jpg 300w, https:\/\/blog4.csmac-ngo.org\/wp-content\/uploads\/2026\/03\/Exo1-galerie-photo-2-768x512.jpg 768w, https:\/\/blog4.csmac-ngo.org\/wp-content\/uploads\/2026\/03\/Exo1-galerie-photo-2-1536x1024.jpg 1536w, https:\/\/blog4.csmac-ngo.org\/wp-content\/uploads\/2026\/03\/Exo1-galerie-photo-2-2048x1365.jpg 2048w\" sizes=\"auto, (max-width: 1024px) 100vw, 1024px\" \/><\/figure>\n\n\n\n<figure class=\"wp-block-image size-large\"><img loading=\"lazy\" decoding=\"async\" width=\"1024\" height=\"683\" data-id=\"39\" src=\"https:\/\/blog4.csmac-ngo.org\/wp-content\/uploads\/2026\/03\/Exo1-galerie-photo-3-1-1024x683.jpg\" alt=\"\" class=\"wp-image-39\" srcset=\"https:\/\/blog4.csmac-ngo.org\/wp-content\/uploads\/2026\/03\/Exo1-galerie-photo-3-1-1024x683.jpg 1024w, https:\/\/blog4.csmac-ngo.org\/wp-content\/uploads\/2026\/03\/Exo1-galerie-photo-3-1-300x200.jpg 300w, https:\/\/blog4.csmac-ngo.org\/wp-content\/uploads\/2026\/03\/Exo1-galerie-photo-3-1-768x512.jpg 768w, https:\/\/blog4.csmac-ngo.org\/wp-content\/uploads\/2026\/03\/Exo1-galerie-photo-3-1-1536x1024.jpg 1536w, https:\/\/blog4.csmac-ngo.org\/wp-content\/uploads\/2026\/03\/Exo1-galerie-photo-3-1-2048x1365.jpg 2048w\" sizes=\"auto, (max-width: 1024px) 100vw, 1024px\" \/><\/figure>\n\n\n\n<figure class=\"wp-block-image size-large\"><img loading=\"lazy\" decoding=\"async\" width=\"1024\" height=\"685\" data-id=\"37\" src=\"https:\/\/blog4.csmac-ngo.org\/wp-content\/uploads\/2026\/03\/Exo1-galerie-photo-1-1024x685.jpg\" alt=\"\" class=\"wp-image-37\" srcset=\"https:\/\/blog4.csmac-ngo.org\/wp-content\/uploads\/2026\/03\/Exo1-galerie-photo-1-1024x685.jpg 1024w, https:\/\/blog4.csmac-ngo.org\/wp-content\/uploads\/2026\/03\/Exo1-galerie-photo-1-300x201.jpg 300w, https:\/\/blog4.csmac-ngo.org\/wp-content\/uploads\/2026\/03\/Exo1-galerie-photo-1-768x514.jpg 768w, https:\/\/blog4.csmac-ngo.org\/wp-content\/uploads\/2026\/03\/Exo1-galerie-photo-1-1536x1028.jpg 1536w, https:\/\/blog4.csmac-ngo.org\/wp-content\/uploads\/2026\/03\/Exo1-galerie-photo-1-2048x1371.jpg 2048w\" sizes=\"auto, (max-width: 1024px) 100vw, 1024px\" \/><\/figure>\n<\/figure>\n\n\n\n<div class=\"wp-block-uagb-countdown uagb-block-59b3484a\"><div class=\"wp-block-uagb-countdown__box wp-block-uagb-countdown__box-days\"><div role=\"timer\" aria-live=\"off\" class=\"wp-block-uagb-countdown__time wp-block-uagb-countdown__time-days\">&#8211;<\/div><div class=\"wp-block-uagb-countdown__label\">DAYS<\/div><\/div><div class=\"wp-block-uagb-countdown__box wp-block-uagb-countdown__box-hours\"><div role=\"timer\" aria-live=\"off\" class=\"wp-block-uagb-countdown__time wp-block-uagb-countdown__time-hours\">&#8211;<\/div><div class=\"wp-block-uagb-countdown__label\">HOURS<\/div><\/div><div class=\"wp-block-uagb-countdown__box wp-block-uagb-countdown__box-minutes\"><div role=\"timer\" aria-live=\"off\" class=\"wp-block-uagb-countdown__time wp-block-uagb-countdown__time-minutes\">&#8211;<\/div><div class=\"wp-block-uagb-countdown__label\">MINUTES<\/div><\/div><div class=\"wp-block-uagb-countdown__box wp-block-uagb-countdown__box-seconds\"><div role=\"timer\" aria-live=\"off\" class=\"wp-block-uagb-countdown__time wp-block-uagb-countdown__time-seconds\">&#8211;<\/div><div class=\"wp-block-uagb-countdown__label\">SECONDS<\/div><\/div><\/div>\n","protected":false},"excerpt":{"rendered":"","protected":false},"author":1,"featured_media":0,"parent":0,"menu_order":0,"comment_status":"closed","ping_status":"closed","template":"","meta":{"_uag_custom_page_level_css":"","site-sidebar-layout":"default","site-content-layout":"","ast-site-content-layout":"default","site-content-style":"default","site-sidebar-style":"default","ast-global-header-display":"","ast-banner-title-visibility":"","ast-main-header-display":"","ast-hfb-above-header-display":"","ast-hfb-below-header-display":"","ast-hfb-mobile-header-display":"","site-post-title":"disabled","ast-breadcrumbs-content":"","ast-featured-img":"","footer-sml-layout":"","ast-disable-related-posts":"","theme-transparent-header-meta":"","adv-header-id-meta":"","stick-header-meta":"","header-above-stick-meta":"","header-main-stick-meta":"","header-below-stick-meta":"","astra-migrate-meta-layouts":"default","ast-page-background-enabled":"default","ast-page-background-meta":{"desktop":{"background-color":"var(--ast-global-color-5)","background-image":"","background-repeat":"repeat","background-position":"center center","background-size":"auto","background-attachment":"scroll","background-type":"","background-media":"","overlay-type":"","overlay-color":"","overlay-opacity":"","overlay-gradient":""},"tablet":{"background-color":"","background-image":"","background-repeat":"repeat","background-position":"center center","background-size":"auto","background-attachment":"scroll","background-type":"","background-media":"","overlay-type":"","overlay-color":"","overlay-opacity":"","overlay-gradient":""},"mobile":{"background-color":"","background-image":"","background-repeat":"repeat","background-position":"center center","background-size":"auto","background-attachment":"scroll","background-type":"","background-media":"","overlay-type":"","overlay-color":"","overlay-opacity":"","overlay-gradient":""}},"ast-content-background-meta":{"desktop":{"background-color":"var(--ast-global-color-4)","background-image":"","background-repeat":"repeat","background-position":"center center","background-size":"auto","background-attachment":"scroll","background-type":"","background-media":"","overlay-type":"","overlay-color":"","overlay-opacity":"","overlay-gradient":""},"tablet":{"background-color":"var(--ast-global-color-4)","background-image":"","background-repeat":"repeat","background-position":"center center","background-size":"auto","background-attachment":"scroll","background-type":"","background-media":"","overlay-type":"","overlay-color":"","overlay-opacity":"","overlay-gradient":""},"mobile":{"background-color":"var(--ast-global-color-4)","background-image":"","background-repeat":"repeat","background-position":"center center","background-size":"auto","background-attachment":"scroll","background-type":"","background-media":"","overlay-type":"","overlay-color":"","overlay-opacity":"","overlay-gradient":""}},"footnotes":""},"class_list":["post-19","page","type-page","status-publish","hentry"],"yoast_head":"<!-- This site is optimized with the Yoast SEO plugin v26.8 - https:\/\/yoast.com\/product\/yoast-seo-wordpress\/ -->\n<title>Accueil - V\u00e9lo &amp; Territoire<\/title>\n<meta name=\"robots\" content=\"index, follow, max-snippet:-1, max-image-preview:large, max-video-preview:-1\" \/>\n<link rel=\"canonical\" href=\"https:\/\/blog4.csmac-ngo.org\/?page_id=19\" \/>\n<meta property=\"og:locale\" content=\"fr_FR\" \/>\n<meta property=\"og:type\" content=\"article\" \/>\n<meta property=\"og:title\" content=\"Accueil - V\u00e9lo &amp; Territoire\" \/>\n<meta property=\"og:url\" content=\"https:\/\/blog4.csmac-ngo.org\/?page_id=19\" \/>\n<meta property=\"og:site_name\" content=\"V\u00e9lo &amp; Territoire\" \/>\n<meta property=\"article:modified_time\" content=\"2026-03-25T14:00:06+00:00\" \/>\n<meta property=\"og:image\" content=\"https:\/\/blog4.csmac-ngo.org\/wp-content\/uploads\/2026\/03\/Exo1-galerie-accueil-photo-4-scaled.jpg\" \/>\n\t<meta property=\"og:image:width\" content=\"2560\" \/>\n\t<meta property=\"og:image:height\" content=\"1707\" \/>\n\t<meta property=\"og:image:type\" content=\"image\/jpeg\" \/>\n<meta name=\"twitter:card\" content=\"summary_large_image\" \/>\n<meta name=\"twitter:label1\" content=\"Dur\u00e9e de lecture estim\u00e9e\" \/>\n\t<meta name=\"twitter:data1\" content=\"1 minute\" \/>\n<script type=\"application\/ld+json\" class=\"yoast-schema-graph\">{\"@context\":\"https:\/\/schema.org\",\"@graph\":[{\"@type\":\"WebPage\",\"@id\":\"https:\/\/blog4.csmac-ngo.org\/?page_id=19\",\"url\":\"https:\/\/blog4.csmac-ngo.org\/?page_id=19\",\"name\":\"Accueil - V\u00e9lo &amp; Territoire\",\"isPartOf\":{\"@id\":\"https:\/\/blog4.csmac-ngo.org\/#website\"},\"primaryImageOfPage\":{\"@id\":\"https:\/\/blog4.csmac-ngo.org\/?page_id=19#primaryimage\"},\"image\":{\"@id\":\"https:\/\/blog4.csmac-ngo.org\/?page_id=19#primaryimage\"},\"thumbnailUrl\":\"https:\/\/blog4.csmac-ngo.org\/wp-content\/uploads\/2026\/03\/Exo1-galerie-accueil-photo-4-1024x683.jpg\",\"datePublished\":\"2026-03-25T13:14:05+00:00\",\"dateModified\":\"2026-03-25T14:00:06+00:00\",\"breadcrumb\":{\"@id\":\"https:\/\/blog4.csmac-ngo.org\/?page_id=19#breadcrumb\"},\"inLanguage\":\"fr-FR\",\"potentialAction\":[{\"@type\":\"ReadAction\",\"target\":[\"https:\/\/blog4.csmac-ngo.org\/?page_id=19\"]}]},{\"@type\":\"ImageObject\",\"inLanguage\":\"fr-FR\",\"@id\":\"https:\/\/blog4.csmac-ngo.org\/?page_id=19#primaryimage\",\"url\":\"https:\/\/blog4.csmac-ngo.org\/wp-content\/uploads\/2026\/03\/Exo1-galerie-accueil-photo-4-scaled.jpg\",\"contentUrl\":\"https:\/\/blog4.csmac-ngo.org\/wp-content\/uploads\/2026\/03\/Exo1-galerie-accueil-photo-4-scaled.jpg\",\"width\":2560,\"height\":1707},{\"@type\":\"BreadcrumbList\",\"@id\":\"https:\/\/blog4.csmac-ngo.org\/?page_id=19#breadcrumb\",\"itemListElement\":[{\"@type\":\"ListItem\",\"position\":1,\"name\":\"Accueil\",\"item\":\"https:\/\/blog4.csmac-ngo.org\/\"},{\"@type\":\"ListItem\",\"position\":2,\"name\":\"Accueil\"}]},{\"@type\":\"WebSite\",\"@id\":\"https:\/\/blog4.csmac-ngo.org\/#website\",\"url\":\"https:\/\/blog4.csmac-ngo.org\/\",\"name\":\"V\u00e9lo &amp; Territoire\",\"description\":\"Randonn\u00e9es et \u00e9v\u00e9nements cyclistes en Mayenne\",\"potentialAction\":[{\"@type\":\"SearchAction\",\"target\":{\"@type\":\"EntryPoint\",\"urlTemplate\":\"https:\/\/blog4.csmac-ngo.org\/?s={search_term_string}\"},\"query-input\":{\"@type\":\"PropertyValueSpecification\",\"valueRequired\":true,\"valueName\":\"search_term_string\"}}],\"inLanguage\":\"fr-FR\"}]}<\/script>\n<!-- \/ Yoast SEO plugin. -->","yoast_head_json":{"title":"Accueil - V\u00e9lo &amp; Territoire","robots":{"index":"index","follow":"follow","max-snippet":"max-snippet:-1","max-image-preview":"max-image-preview:large","max-video-preview":"max-video-preview:-1"},"canonical":"https:\/\/blog4.csmac-ngo.org\/?page_id=19","og_locale":"fr_FR","og_type":"article","og_title":"Accueil - V\u00e9lo &amp; Territoire","og_url":"https:\/\/blog4.csmac-ngo.org\/?page_id=19","og_site_name":"V\u00e9lo &amp; Territoire","article_modified_time":"2026-03-25T14:00:06+00:00","og_image":[{"width":2560,"height":1707,"url":"https:\/\/blog4.csmac-ngo.org\/wp-content\/uploads\/2026\/03\/Exo1-galerie-accueil-photo-4-scaled.jpg","type":"image\/jpeg"}],"twitter_card":"summary_large_image","twitter_misc":{"Dur\u00e9e de lecture estim\u00e9e":"1 minute"},"schema":{"@context":"https:\/\/schema.org","@graph":[{"@type":"WebPage","@id":"https:\/\/blog4.csmac-ngo.org\/?page_id=19","url":"https:\/\/blog4.csmac-ngo.org\/?page_id=19","name":"Accueil - V\u00e9lo &amp; Territoire","isPartOf":{"@id":"https:\/\/blog4.csmac-ngo.org\/#website"},"primaryImageOfPage":{"@id":"https:\/\/blog4.csmac-ngo.org\/?page_id=19#primaryimage"},"image":{"@id":"https:\/\/blog4.csmac-ngo.org\/?page_id=19#primaryimage"},"thumbnailUrl":"https:\/\/blog4.csmac-ngo.org\/wp-content\/uploads\/2026\/03\/Exo1-galerie-accueil-photo-4-1024x683.jpg","datePublished":"2026-03-25T13:14:05+00:00","dateModified":"2026-03-25T14:00:06+00:00","breadcrumb":{"@id":"https:\/\/blog4.csmac-ngo.org\/?page_id=19#breadcrumb"},"inLanguage":"fr-FR","potentialAction":[{"@type":"ReadAction","target":["https:\/\/blog4.csmac-ngo.org\/?page_id=19"]}]},{"@type":"ImageObject","inLanguage":"fr-FR","@id":"https:\/\/blog4.csmac-ngo.org\/?page_id=19#primaryimage","url":"https:\/\/blog4.csmac-ngo.org\/wp-content\/uploads\/2026\/03\/Exo1-galerie-accueil-photo-4-scaled.jpg","contentUrl":"https:\/\/blog4.csmac-ngo.org\/wp-content\/uploads\/2026\/03\/Exo1-galerie-accueil-photo-4-scaled.jpg","width":2560,"height":1707},{"@type":"BreadcrumbList","@id":"https:\/\/blog4.csmac-ngo.org\/?page_id=19#breadcrumb","itemListElement":[{"@type":"ListItem","position":1,"name":"Accueil","item":"https:\/\/blog4.csmac-ngo.org\/"},{"@type":"ListItem","position":2,"name":"Accueil"}]},{"@type":"WebSite","@id":"https:\/\/blog4.csmac-ngo.org\/#website","url":"https:\/\/blog4.csmac-ngo.org\/","name":"V\u00e9lo &amp; Territoire","description":"Randonn\u00e9es et \u00e9v\u00e9nements cyclistes en Mayenne","potentialAction":[{"@type":"SearchAction","target":{"@type":"EntryPoint","urlTemplate":"https:\/\/blog4.csmac-ngo.org\/?s={search_term_string}"},"query-input":{"@type":"PropertyValueSpecification","valueRequired":true,"valueName":"search_term_string"}}],"inLanguage":"fr-FR"}]}},"_hostinger_reach_plugin_has_subscription_block":false,"_hostinger_reach_plugin_is_elementor":false,"uagb_featured_image_src":{"full":false,"thumbnail":false,"medium":false,"medium_large":false,"large":false,"1536x1536":false,"2048x2048":false},"uagb_author_info":{"display_name":"A@dmin53","author_link":"https:\/\/blog4.csmac-ngo.org\/?author=1"},"uagb_comment_info":0,"uagb_excerpt":null,"_links":{"self":[{"href":"https:\/\/blog4.csmac-ngo.org\/index.php?rest_route=\/wp\/v2\/pages\/19","targetHints":{"allow":["GET"]}}],"collection":[{"href":"https:\/\/blog4.csmac-ngo.org\/index.php?rest_route=\/wp\/v2\/pages"}],"about":[{"href":"https:\/\/blog4.csmac-ngo.org\/index.php?rest_route=\/wp\/v2\/types\/page"}],"author":[{"embeddable":true,"href":"https:\/\/blog4.csmac-ngo.org\/index.php?rest_route=\/wp\/v2\/users\/1"}],"replies":[{"embeddable":true,"href":"https:\/\/blog4.csmac-ngo.org\/index.php?rest_route=%2Fwp%2Fv2%2Fcomments&post=19"}],"version-history":[{"count":3,"href":"https:\/\/blog4.csmac-ngo.org\/index.php?rest_route=\/wp\/v2\/pages\/19\/revisions"}],"predecessor-version":[{"id":46,"href":"https:\/\/blog4.csmac-ngo.org\/index.php?rest_route=\/wp\/v2\/pages\/19\/revisions\/46"}],"wp:attachment":[{"href":"https:\/\/blog4.csmac-ngo.org\/index.php?rest_route=%2Fwp%2Fv2%2Fmedia&parent=19"}],"curies":[{"name":"wp","href":"https:\/\/api.w.org\/{rel}","templated":true}]}}